{"id":324,"date":"2018-06-12T15:48:52","date_gmt":"2018-06-12T15:48:52","guid":{"rendered":"https:\/\/www.clinicadentalacosta.com\/aviso-legal-y-politica-de-proteccion-de-datos\/"},"modified":"2018-06-12T15:48:52","modified_gmt":"2018-06-12T15:48:52","slug":"aviso-legal-y-politica-de-proteccion-de-datos","status":"publish","type":"page","link":"https:\/\/www.clinicadentalacosta.com\/ru\/aviso-legal-y-politica-de-proteccion-de-datos\/","title":{"rendered":"Aviso legal y Pol\u00edtica de Protecci\u00f3n de Datos"},"content":{"rendered":"<p>De conformidad con el REGLAMENTO (UE) 2016\/679, en relaci\u00f3n con el tratamiento de sus datos personales, le informamos lo siguiente:<\/p>\n<p>&nbsp;<\/p>\n<h5>1. RESPONSABLE DEL TRATAMIENTO<\/h5>\n<ul>\n<li>Titular: BLUMARACOSTA, S.L.P<\/li>\n<li>CIF: B92671916<\/li>\n<li>Domicilio social: C\/Nuestra Se\u00f1ora de Gracia N.28 Edf. Mar de Alboran Local 5 y 6, 29602 Marbella (M\u00e1laga)<\/li>\n<li>Datos registrales: Inscrita en el Registro Mercantil de M\u00e1laga, tomo 3900, libro 2811, folio 186, hoja MA-79921.<\/li>\n<li>Correo electr\u00f3nico: clinica2@clinicadentalacosta.com<\/li>\n<li>Delegado de Protecci\u00f3n de Datos (DPO): El Usuario puede contactar con el DPO a trav\u00e9s de la siguiente direcci\u00f3n sibprodasa@sibprodasa.es<\/li>\n<\/ul>\n<p>&nbsp;<\/p>\n<h5>2. INFORMACI\u00d3N Y CONSENTIMIENTO<\/h5>\n<p>Mediante la lectura de la presente Pol\u00edtica de Privacidad, el Usuario queda informado sobre la forma en que BLUMARACOSTA S.L.P. recaba, trata y protege los datos de car\u00e1cter personal que le son facilitados a trav\u00e9s del sitio web www.clinicadentalacosta.com\u00a0 (en adelante, el &#171;sitio web&#187;), as\u00ed como los propios de su conexi\u00f3n y navegaci\u00f3n (en adelante, la &#171;navegaci\u00f3n&#187;) y aquellos otros datos que pueda facilitar en un futuro a BLUMARACOSTA S.L.P.<\/p>\n<p>El Usuario debe leer con atenci\u00f3n esta Pol\u00edtica de Privacidad, que ha sido redactada de forma clara y sencilla, para facilitar su comprensi\u00f3n, y determinar libre y voluntariamente si desea facilitar sus datos personales, o los de terceros a BLUMARACOSTA S.L.P.<\/p>\n<p>&nbsp;<\/p>\n<h5>3. OBLIGATORIEDAD DE FACILITAR LOS DATOS<\/h5>\n<p>Los datos solicitados en los formularios accesibles desde el Sitio Web de BLUMARACOSTA S.L.P. son, con car\u00e1cter general, obligatorios (salvo que en el campo requerido se especifique lo contrario) para cumplir con las finalidades establecidas. Por lo tanto, si no se facilitan los mismos o no se facilitan correctamente no podr\u00e1n atenderse las mismas.<\/p>\n<p>&nbsp;<\/p>\n<h5>4. \u00bfCON QU\u00c9 FINALIDAD TRATAR\u00c1 BLUMARACOSTA S.L.P. LOS DATOS PERSONALES DEL USUARIO Y DURANTE CU\u00c1NTO TIEMPO?<\/h5>\n<p>En funci\u00f3n de las solicitudes del Usuario, los datos personales recabados ser\u00e1n tratados por BLUMARACOSTA S.L.P. conforme a las siguientes finalidades:<\/p>\n<ul>\n<li>Gestionar sus solicitudes de contacto con BLUMARACOSTA S.L.P. a trav\u00e9s de los canales dispuestos para ello.<\/li>\n<li>Gestionar el env\u00edo de comunicaciones comerciales personalizadas de BLUMARACOSTA S.L.P., por medios electr\u00f3nicos y\/o convencionales, en los casos en los que el Usuario as\u00ed lo consienta expresamente.<\/li>\n<li>Gestionar el env\u00edo de comunicaciones comerciales personalizadas de BLUMARACOSTA S.L.P., por medios electr\u00f3nicos y\/o convencionales, salvo que el Usuario indique lo contrario.<\/li>\n<li>Gestionar la realizaci\u00f3n de encuestas y\/o evaluaciones relativas a la calidad de los servicios prestados por BLUMARACOSTA S.L.P. a la percepci\u00f3n de su imagen como compa\u00f1\u00eda.<\/li>\n<\/ul>\n<p>Los datos del Usuario ser\u00e1n conservados durante el plazo necesario para el cumplimiento de cada finalidad o hasta que el Usuario solicite su baja a BLUMARACOSTA S.L.P., se oponga o revoque su consentimiento.<\/p>\n<p>&nbsp;<\/p>\n<h5>5. \u00bfQU\u00c9 DATOS DEL USUARIO TRATAR\u00c1 BLUMARACOSTA S.L.P.?<\/h5>\n<p>BLUMARACOSTA S.L.P. podr\u00e1 tratar las siguientes categor\u00edas de datos, en funci\u00f3n de la solicitud realizada por el Usuario:<\/p>\n<ul>\n<li>Datos identificativos: nombre, apellidos<\/li>\n<li>Datos de contacto: Direcci\u00f3n postal, tel\u00e9fono, direcci\u00f3n de correo electr\u00f3nico.<\/li>\n<li>C\u00f3digos o claves de identificaci\u00f3n del Usuario.<\/li>\n<\/ul>\n<p>En caso de registro y\/o acceso mediante una cuenta de terceros, BLUMARACOSTA S.L.P. podr\u00e1 recopilar y acceder a cierta informaci\u00f3n del perfil del Usuario de la red social correspondiente, \u00fanicamente para fines administrativos internos y\/o para las finalidades indicadas anteriormente.<\/p>\n<p>En caso de que el Usuario facilite datos de terceros, manifiesta contar con el consentimiento de los mismos y se compromete a trasladar al interesado, titular de dichos datos, la informaci\u00f3n contenida en la presente Pol\u00edtica de Privacidad, eximiendo a BLUMARACOSTA S.L.P. de cualquier responsabilidad en este sentido. No obstante, BLUMARACOSTA S.L.P. podr\u00e1 llevar a cabo las verificaciones necesarias para constatar este hecho, adoptando las medidas de diligencia debida que correspondan, conforme a la normativa de protecci\u00f3n de datos.<\/p>\n<p>&nbsp;<\/p>\n<h5>6. \u00bfCU\u00c1L ES LA LEGITIMACI\u00d3N DEL TRATAMIENTO DE TUS DATOS?<\/h5>\n<p>Los tratamientos de datos necesarios para el cumplimiento de las referidas finalidades que precisen del consentimiento del Usuario para su realizaci\u00f3n, no se llevar\u00e1n a cabo sin contar con \u00e9ste.<\/p>\n<p>Asimismo, en caso de que el Usuario retirase su consentimiento a cualquiera de los tratamientos, ello no afectar\u00e1 a la licitud de los tratamientos efectuados con anterioridad.<\/p>\n<p>Para revocar dicho consentimiento, el Usuario podr\u00e1 contactar con BLUMARACOSTA S.L.P. a trav\u00e9s de los canales siguientes: clinica2@clinicadentalacosta.com.<\/p>\n<p>Asimismo, en los casos en los que sea necesario tratar los datos del Usuario para el cumplimiento de una obligaci\u00f3n legal o para la ejecuci\u00f3n de la relaci\u00f3n contractual existente entre BLUMARACOSTA S.L.P. y el Usuario, el tratamiento se encontrar\u00eda legitimado por ser necesario para el cumplimiento de dichas finalidades. Por su parte, el tratamiento llevado a cabo para la realizaci\u00f3n de encuestas y\/o evaluaciones relativas a la calidad de los servicios prestados por BLUMARACOSTA S.L.P. y\/o a la percepci\u00f3n de su imagen como compa\u00f1\u00eda se realizar\u00e1 en base al inter\u00e9s leg\u00edtimo del responsable.<\/p>\n<p>&nbsp;<\/p>\n<h5>7. \u00bfA QU\u00c9 DESTINATARIOS SE COMUNICAR\u00c1N LOS DATOS DEL USUARIO?<\/h5>\n<p>Los datos del Usuario podr\u00e1n ser comunicados a:<\/p>\n<ul>\n<li>Empresas participadas o del grupo empresarial de BLUMARACOSTA S.L.P., \u00fanicamente para fines administrativos internos y\/o para las finalidades anteriormente indicadas.<\/li>\n<li>Proveedores de BLUMARACOSTA S.L.P. necesarios para el adecuado cumplimiento de las obligaciones legales y\/o de las finalidades anteriormente indicadas.<\/li>\n<li>Partners y empresas colaboradoras de BLUMARACOSTA S.L.P. para el cumplimiento de las finalidades anteriormente indicadas y\/o, en caso de que as\u00ed lo autorice, para el env\u00edo de comunicaciones comerciales.<\/li>\n<li>Administraciones P\u00fablicas, en los casos previstos por la Ley.<\/li>\n<\/ul>\n<p>Los destinatarios indicados en el presente apartado pueden encontrarse ubicados dentro o fuera del Espacio Econ\u00f3mico Europeo, encontr\u00e1ndose en este \u00faltimo caso debidamente legitimadas las transferencias internacionales de datos.<\/p>\n<p>&nbsp;<\/p>\n<h5>8. RESPONSABILIDAD DEL USUARIO<\/h5>\n<p>El Usuario:<\/p>\n<ul>\n<li>Garantiza que es mayor de edad o emancipado legalmente en su caso, plenamente capaz, y que los datos que facilita a BLUMARACOSTA S.L.P. son verdaderos, exactos, completos y actualizados. A estos efectos, el Usuario responde de la veracidad de todos los datos que comunique y mantendr\u00e1 convenientemente actualizada la informaci\u00f3n facilitada, de tal forma que responda a su situaci\u00f3n real.<\/li>\n<li>Garantiza que ha informado a los terceros de los que facilite sus datos, en caso de hacerlo, de los aspectos contenidos en este documento. Asimismo, garantiza que ha obtenido su autorizaci\u00f3n para facilitar sus datos a BLUMARACOSTA S.L.P. para los fines se\u00f1alados.<\/li>\n<li>Ser\u00e1 responsable de las informaciones falsas o inexactas que proporcione a trav\u00e9s del Sitio Web y de los da\u00f1os y perjuicios, directos o indirectos, que ello cause a BLUMARACOSTA S.L.P. o a terceros.<\/li>\n<\/ul>\n<p>&nbsp;<\/p>\n<h5>9. COMUNICACIONES COMERCIALES Y PROMOCIONALES<\/h5>\n<p>Una de las finalidades para las que BLUMARACOSTA S.L.P. trata los datos del Usuario ser\u00e1 para el env\u00edo de comunicaciones comerciales, por medios electr\u00f3nicos y\/o convencionales, con informaci\u00f3n relativa a productos, servicios, promociones, ofertas, eventos o noticias relevantes para los Usuarios. Siempre que se realice alguna comunicaci\u00f3n de este tipo, \u00e9sta ser\u00e1 dirigida \u00fanica y exclusivamente a aquellos Usuarios que hubieran autorizado su recepci\u00f3n y\/o que no hubieran manifestado previamente su negativa a la recepci\u00f3n de las mismas.<\/p>\n<p>Para llevar a cabo la labor anterior, BLUMARACOSTA S.L.P. podr\u00e1 analizar los datos obtenidos, a fin de elaborar perfiles de Usuario que permitan definir con mayor detalle los productos que puedan resultar de su inter\u00e9s.<\/p>\n<p>En caso de que el Usuario desee dejar de recibir comunicaciones comerciales o promocionales por parte de BLUMARACOSTA S.L.P. puede solicitar la baja del servicio enviando un email a la siguiente direcci\u00f3n de correo electr\u00f3nico clinica2@clinicadentalacosta.com, as\u00ed como indicando su negativa a la recepci\u00f3n de las mismas mediante la opci\u00f3n de baja proporcionada en cada una de las comunicaciones comerciales remitidas.<\/p>\n<p>&nbsp;<\/p>\n<h5>10. EJERCICIO DE DERECHOS<\/h5>\n<p>El Usuario puede enviar un escrito a BLUMARACOSTA S.L.P., domicilio social: C\/Nuestra Se\u00f1ora de Gracia N.28 Edf. Mar de Albor\u00e1n Local 5 y 6, 29602 Marbella (M\u00e1laga), o bien por medio de un correo electr\u00f3nico a la direcci\u00f3n clinica2@clinicadentalacosta.com, en ambos casos, con la Referencia &#171;Protecci\u00f3n de Datos&#187;, en cualquier momento y de manera gratuita, para:<\/p>\n<ul>\n<li>Revocar los consentimientos otorgados.<\/li>\n<li>Obtener confirmaci\u00f3n acerca de si en BLUMARACOSTA S.L.P. se est\u00e1n tratando datos personales que conciernen al Usuario o no.<\/li>\n<li>Acceder a sus datos personales.<\/li>\n<li>Rectificar los datos inexactos o incompletos.<\/li>\n<li>Solicitar la supresi\u00f3n de sus datos cuando, entre otros motivos, los datos ya no sean necesarios para los fines que fueron recogidos.<\/li>\n<li>Obtener de BLUMARACOSTA S.L.P. la limitaci\u00f3n del tratamiento de los datos cuando se cumpla alguna de las condiciones previstas en la normativa de protecci\u00f3n de datos.<\/li>\n<li>Obtener intervenci\u00f3n humana, a expresar tu punto de vista y a impugnar las decisiones automatizadas a adoptadas por parte de BLUMARACOSTA S.L.P.<\/li>\n<li>Solicitar la portabilidad de tus datos.<\/li>\n<\/ul>\n<p>Asimismo, se informa al usuario de que en cualquier momento podr\u00e1 Interponer una reclamaci\u00f3n relativa a la protecci\u00f3n de sus datos personales ante la Autoridad de control competente.<\/p>\n<p>&nbsp;<\/p>\n<h5>11. MEDIDAS DE SEGURIDAD<\/h5>\n<p>BLUMARACOSTA S.L.P. tratar\u00e1 los datos del Usuario en todo momento de forma absolutamente confidencial y guardando el preceptivo deber de secreto respecto de los mismos, de conformidad con lo previsto en la normativa de aplicaci\u00f3n, adoptando al efecto las medidas de \u00edndole t\u00e9cnica y organizativas necesarias que garanticen la seguridad de sus datos y eviten su alteraci\u00f3n, p\u00e9rdida, tratamiento o acceso no autorizado, habida cuenta del estado de la tecnolog\u00eda, la naturaleza de los datos almacenados y los riesgos a que est\u00e1n expuestos.<\/p>\n<p>&nbsp;<\/p>\n<p>Fecha \u00faltima actualizaci\u00f3n: <strong>25 de mayo de 2018<\/strong><\/p>\n<p>&nbsp;<\/p>\n<p>&nbsp;<\/p>\n","protected":false},"excerpt":{"rendered":"<p>De conformidad con el REGLAMENTO (UE) 2016\/679, en relaci\u00f3n con el tratamiento de sus datos personales, le informamos lo siguiente: &nbsp; 1. RESPONSABLE DEL TRATAMIENTO Titular: BLUMARACOSTA, S.L.P CIF: B92671916 Domicilio social: C\/Nuestra Se\u00f1ora de Gracia N.28 Edf. Mar de Alboran Local 5 y 6, 29602 Marbella (M\u00e1laga) Datos registrales: Inscrita en el Registro Mercantil [&hellip;]<\/p>\n","protected":false},"author":1,"featured_media":0,"parent":0,"menu_order":0,"comment_status":"closed","ping_status":"closed","template":"","meta":[],"_links":{"self":[{"href":"https:\/\/www.clinicadentalacosta.com\/ru\/wp-json\/wp\/v2\/pages\/324\/"}],"collection":[{"href":"https:\/\/www.clinicadentalacosta.com\/ru\/wp-json\/wp\/v2\/pages\/"}],"about":[{"href":"https:\/\/www.clinicadentalacosta.com\/ru\/wp-json\/wp\/v2\/types\/page\/"}],"author":[{"embeddable":true,"href":"https:\/\/www.clinicadentalacosta.com\/ru\/wp-json\/wp\/v2\/users\/1\/"}],"replies":[{"embeddable":true,"href":"https:\/\/www.clinicadentalacosta.com\/ru\/wp-json\/wp\/v2\/comments\/?post=324"}],"version-history":[{"count":0,"href":"https:\/\/www.clinicadentalacosta.com\/ru\/wp-json\/wp\/v2\/pages\/324\/revisions\/"}],"wp:attachment":[{"href":"https:\/\/www.clinicadentalacosta.com\/ru\/wp-json\/wp\/v2\/media\/?parent=324"}],"curies":[{"name":"wp","href":"https:\/\/api.w.org\/{rel}","templated":true}]}}